{"id":2462,"date":"2024-11-05T21:44:33","date_gmt":"2024-11-05T21:44:33","guid":{"rendered":"https:\/\/quantbgd.rs\/blog\/"},"modified":"2024-12-08T22:22:53","modified_gmt":"2024-12-08T22:22:53","slug":"blog","status":"publish","type":"page","link":"https:\/\/quantbgd.rs\/ru\/blog\/","title":{"rendered":"\u0411\u043b\u043e\u0433"},"content":{"rendered":"\n<div class=\"wp-block-cover alignfull is-light\" style=\"min-height:300px;aspect-ratio:unset;\"><span aria-hidden=\"true\" class=\"wp-block-cover__background has-ast-global-color-4-background-color has-background-dim\"><\/span><img loading=\"lazy\" decoding=\"async\" width=\"1920\" height=\"1100\" class=\"wp-block-cover__image-background wp-image-1583\" alt=\"\" src=\"https:\/\/quantbgd.rs\/wp-content\/uploads\/2022\/02\/covid-graphic-bg.png\" data-object-fit=\"cover\" title=\"\" srcset=\"https:\/\/quantbgd.rs\/wp-content\/uploads\/2022\/02\/covid-graphic-bg.png 1920w, https:\/\/quantbgd.rs\/wp-content\/uploads\/2022\/02\/covid-graphic-bg-300x172.png 300w, https:\/\/quantbgd.rs\/wp-content\/uploads\/2022\/02\/covid-graphic-bg-1024x587.png 1024w, https:\/\/quantbgd.rs\/wp-content\/uploads\/2022\/02\/covid-graphic-bg-768x440.png 768w, https:\/\/quantbgd.rs\/wp-content\/uploads\/2022\/02\/covid-graphic-bg-1536x880.png 1536w\" sizes=\"auto, (max-width: 1920px) 100vw, 1920px\" \/><div class=\"wp-block-cover__inner-container is-layout-flow wp-block-cover-is-layout-flow\">\n<div class=\"wp-block-columns is-layout-flex wp-container-core-columns-is-layout-28f84493 wp-block-columns-is-layout-flex\">\n<div class=\"wp-block-column is-vertically-aligned-center is-layout-flow wp-block-column-is-layout-flow\" style=\"flex-basis:55%\">\n<h6 class=\"wp-block-heading has-ast-global-color-0-color has-text-color\" id=\"how-covid-19-spread\">QUANTBGD<\/h6>\n\n\n\n<h1 class=\"wp-block-heading has-ast-global-color-2-color has-text-color\" id=\"contagion\">Blog<\/h1>\n<\/div>\n\n\n\n<div class=\"wp-block-column is-vertically-aligned-top is-layout-flow wp-block-column-is-layout-flow\"><\/div>\n<\/div>\n<\/div><\/div>\n\n<section class=\"wp-block-uagb-container uagb-block-28bda13e alignfull uagb-is-root-container\"><div class=\"uagb-container-inner-blocks-wrap\">\n\t\t\t<div class=\"wp-block-uagb-post-grid uagb-post-grid  uagb-post__image-position-top uagb-post__image-enabled uagb-block-75cfd628     uagb-post__items uagb-post__columns-3 is-grid uagb-post__columns-tablet-2 uagb-post__columns-mobile-1 uagb-post__equal-height\" data-total=\"1\" style=\"\">\n\n\t\t\t\t\t\t\t\t\t\t\t\t<article class=\"uagb-post__inner-wrap\">\t\t\t\t\t\t\t\t<div class='uagb-post__image'>\n\t\t\t\t\t\t\t\t\t<a href=\"https:\/\/quantbgd.rs\/ru\/allergiya-na-pylevykh-kleschey-i-pyl-prichiny-simptomy-lechenie\/\" target=\"_self\" rel=\"bookmark noopener noreferrer\" class='uagb-image-ratio-2-3'><img loading=\"lazy\" decoding=\"async\" width=\"1920\" height=\"1341\" src=\"https:\/\/quantbgd.rs\/wp-content\/uploads\/2024\/10\/quantbgd-alergija-na-grinje-i-prasinu-2.jpeg\" class=\"attachment-full size-full\" alt=\"\" srcset=\"https:\/\/quantbgd.rs\/wp-content\/uploads\/2024\/10\/quantbgd-alergija-na-grinje-i-prasinu-2.jpeg 1920w, https:\/\/quantbgd.rs\/wp-content\/uploads\/2024\/10\/quantbgd-alergija-na-grinje-i-prasinu-2-300x210.jpeg 300w, https:\/\/quantbgd.rs\/wp-content\/uploads\/2024\/10\/quantbgd-alergija-na-grinje-i-prasinu-2-1024x715.jpeg 1024w, https:\/\/quantbgd.rs\/wp-content\/uploads\/2024\/10\/quantbgd-alergija-na-grinje-i-prasinu-2-768x536.jpeg 768w, https:\/\/quantbgd.rs\/wp-content\/uploads\/2024\/10\/quantbgd-alergija-na-grinje-i-prasinu-2-1536x1073.jpeg 1536w\" sizes=\"auto, (max-width: 1920px) 100vw, 1920px\" title=\"\">\t\t\t\t\t<\/a>\n\t\t\t\t\t\t\t<\/div>\n\t\t\t\t\t\t<h3 class=\"uagb-post__title uagb-post__text\">\n\t\t\t\t<a href=\"https:\/\/quantbgd.rs\/ru\/allergiya-na-pylevykh-kleschey-i-pyl-prichiny-simptomy-lechenie\/\" target=\"_self\" rel=\"bookmark noopener noreferrer\">\u0410\u043b\u043b\u0435\u0440\u0433\u0438\u044f \u043d\u0430 \u043f\u044b\u043b\u0435\u0432\u044b\u0445 \u043a\u043b\u0435\u0449\u0435\u0439 \u0438 \u043f\u044b\u043b\u044c: \u043f\u0440\u0438\u0447\u0438\u043d\u044b, \u0441\u0438\u043c\u043f\u0442\u043e\u043c\u044b \u0438 \u043b\u0435\u0447\u0435\u043d\u0438\u0435<\/a>\n\t\t\t<\/h3>\n\t\t\t\t\t\t<div class='uagb-post__text uagb-post-grid-byline'>\n\t\t\t\t\t\t\t<\/div>\n\t\t\t\t\t\t\t<div class='uagb-post__text uagb-post__excerpt'>\n\t\t\t\t\t<p>\u0410\u043b\u043b\u0435\u0440\u0433\u0438\u044f \u043d\u0430 \u043f\u044b\u043b\u0435\u0432\u044b\u0445 \u043a\u043b\u0435\u0449\u0435\u0439 \u0438 \u043f\u044b\u043b\u044c \u2014 \u043e\u0434\u043d\u0430 \u0438\u0437 \u0441\u0430\u043c\u044b\u0445 \u0440\u0430\u0441\u043f\u0440\u043e\u0441\u0442\u0440\u0430\u043d\u0451\u043d\u043d\u044b\u0445 \u0444\u043e\u0440\u043c \u0430\u043b\u043b\u0435\u0440\u0433\u0438\u0438, \u043a\u043e\u0442\u043e\u0440\u0430\u044f \u043c\u043e\u0436\u0435\u0442 \u0432\u044b\u0437\u044b\u0432\u0430\u0442\u044c \u043d\u0435\u043f\u0440\u0438\u044f\u0442\u043d\u044b\u0435 \u0441\u0438\u043c\u043f\u0442\u043e\u043c\u044b \u0432 \u0442\u0435\u0447\u0435\u043d\u0438\u0435 \u0432\u0441\u0435\u0433\u043e \u0433\u043e\u0434\u0430. \u041f\u044b\u043b\u0435\u0432\u044b\u0435 \u043a\u043b\u0435\u0449\u0438 \u2014&#8230;\t\t\t\t<\/div>\n\t\t\t\t\t\t<div class=\"uagb-post__text uagb-post__cta wp-block-button\">\n\t\t\t\t<a class=\"wp-block-button__link uagb-text-link\" style=\"\" href=\"https:\/\/quantbgd.rs\/ru\/allergiya-na-pylevykh-kleschey-i-pyl-prichiny-simptomy-lechenie\/\" target=\"_self\" rel=\"bookmark noopener noreferrer\">\u0427\u0438\u0442\u0430\u0442\u044c \u0434\u0430\u043b\u0435\u0435<\/a>\n\t\t\t<\/div>\n\t\t\t\n\t\t\t\t\t\t\t\t\t<\/article>\n\t\t\t\t\t\t\t\t\t\t\t\t\t\t\t\t<article class=\"uagb-post__inner-wrap\">\t\t\t\t\t\t\t\t<div class='uagb-post__image'>\n\t\t\t\t\t\t\t\t\t<a href=\"https:\/\/quantbgd.rs\/ru\/kandida\/\" target=\"_self\" rel=\"bookmark noopener noreferrer\" class='uagb-image-ratio-2-3'><img loading=\"lazy\" decoding=\"async\" width=\"1920\" height=\"1280\" src=\"https:\/\/quantbgd.rs\/wp-content\/uploads\/2024\/10\/quantbgd-kandida.jpeg\" class=\"attachment-full size-full\" alt=\"\" srcset=\"https:\/\/quantbgd.rs\/wp-content\/uploads\/2024\/10\/quantbgd-kandida.jpeg 1920w, https:\/\/quantbgd.rs\/wp-content\/uploads\/2024\/10\/quantbgd-kandida-300x200.jpeg 300w, https:\/\/quantbgd.rs\/wp-content\/uploads\/2024\/10\/quantbgd-kandida-1024x683.jpeg 1024w, https:\/\/quantbgd.rs\/wp-content\/uploads\/2024\/10\/quantbgd-kandida-768x512.jpeg 768w, https:\/\/quantbgd.rs\/wp-content\/uploads\/2024\/10\/quantbgd-kandida-1536x1024.jpeg 1536w\" sizes=\"auto, (max-width: 1920px) 100vw, 1920px\" title=\"\">\t\t\t\t\t<\/a>\n\t\t\t\t\t\t\t<\/div>\n\t\t\t\t\t\t<h3 class=\"uagb-post__title uagb-post__text\">\n\t\t\t\t<a href=\"https:\/\/quantbgd.rs\/ru\/kandida\/\" target=\"_self\" rel=\"bookmark noopener noreferrer\">\u041a\u0430\u043d\u0434\u0438\u0434\u0430<\/a>\n\t\t\t<\/h3>\n\t\t\t\t\t\t<div class='uagb-post__text uagb-post-grid-byline'>\n\t\t\t\t\t\t\t<\/div>\n\t\t\t\t\t\t\t<div class='uagb-post__text uagb-post__excerpt'>\n\t\t\t\t\t<p>\u0418\u043d\u0444\u0435\u043a\u0446\u0438\u044f \u043a\u0430\u043d\u0434\u0438\u0434\u044b \u2014 \u044d\u0442\u043e \u0433\u0440\u0438\u0431\u043a\u043e\u0432\u0430\u044f \u0438\u043d\u0444\u0435\u043a\u0446\u0438\u044f. \u041a\u0430\u043d\u0434\u0438\u0434\u0430 \u0432 \u0444\u043e\u0440\u043c\u0435 \u0433\u0440\u0438\u0431\u043a\u0430 \u043e\u0431\u044b\u0447\u043d\u043e \u043f\u0440\u0438\u0441\u0443\u0442\u0441\u0442\u0432\u0443\u0435\u0442 \u0432 \u0442\u043e\u043d\u043a\u043e\u043c \u043a\u0438\u0448\u0435\u0447\u043d\u0438\u043a\u0435, \u0433\u0434\u0435 \u043e\u043d\u0430 \u0441\u043e\u0441\u0443\u0449\u0435\u0441\u0442\u0432\u0443\u0435\u0442 \u0441 \u0442\u044b\u0441\u044f\u0447\u0430\u043c\u0438 \u0434\u0440\u0443\u0433\u0438\u0445 \u043c\u0438\u043a\u0440\u043e\u043e\u0440\u0433\u0430\u043d\u0438\u0437\u043c\u043e\u0432. \u041e\u0434\u043d\u0430\u043a\u043e \u0430\u043a\u0442\u0438\u0432\u043d\u0430\u044f \u0444\u043e\u0440\u043c\u0430&#8230;\t\t\t\t<\/div>\n\t\t\t\t\t\t<div class=\"uagb-post__text uagb-post__cta wp-block-button\">\n\t\t\t\t<a class=\"wp-block-button__link uagb-text-link\" style=\"\" href=\"https:\/\/quantbgd.rs\/ru\/kandida\/\" target=\"_self\" rel=\"bookmark noopener noreferrer\">\u0427\u0438\u0442\u0430\u0442\u044c \u0434\u0430\u043b\u0435\u0435<\/a>\n\t\t\t<\/div>\n\t\t\t\n\t\t\t\t\t\t\t\t\t<\/article>\n\t\t\t\t\t\t\t\t\t\t\t\t\t\t\t\t<article class=\"uagb-post__inner-wrap\">\t\t\t\t\t\t\t\t<div class='uagb-post__image'>\n\t\t\t\t\t\t\t\t\t<a href=\"https:\/\/quantbgd.rs\/ru\/gastrit\/\" target=\"_self\" rel=\"bookmark noopener noreferrer\" class='uagb-image-ratio-2-3'><img loading=\"lazy\" decoding=\"async\" width=\"2048\" height=\"1365\" src=\"https:\/\/quantbgd.rs\/wp-content\/uploads\/2024\/10\/gastritis-i-kvantna-medicina-1.jpg\" class=\"attachment-full size-full\" alt=\"\" srcset=\"https:\/\/quantbgd.rs\/wp-content\/uploads\/2024\/10\/gastritis-i-kvantna-medicina-1.jpg 2048w, https:\/\/quantbgd.rs\/wp-content\/uploads\/2024\/10\/gastritis-i-kvantna-medicina-1-300x200.jpg 300w, https:\/\/quantbgd.rs\/wp-content\/uploads\/2024\/10\/gastritis-i-kvantna-medicina-1-1024x683.jpg 1024w, https:\/\/quantbgd.rs\/wp-content\/uploads\/2024\/10\/gastritis-i-kvantna-medicina-1-768x512.jpg 768w, https:\/\/quantbgd.rs\/wp-content\/uploads\/2024\/10\/gastritis-i-kvantna-medicina-1-1536x1024.jpg 1536w\" sizes=\"auto, (max-width: 2048px) 100vw, 2048px\" title=\"\">\t\t\t\t\t<\/a>\n\t\t\t\t\t\t\t<\/div>\n\t\t\t\t\t\t<h3 class=\"uagb-post__title uagb-post__text\">\n\t\t\t\t<a href=\"https:\/\/quantbgd.rs\/ru\/gastrit\/\" target=\"_self\" rel=\"bookmark noopener noreferrer\">\u0413\u0430\u0441\u0442\u0440\u0438\u0442<\/a>\n\t\t\t<\/h3>\n\t\t\t\t\t\t<div class='uagb-post__text uagb-post-grid-byline'>\n\t\t\t\t\t\t\t<\/div>\n\t\t\t\t\t\t\t<div class='uagb-post__text uagb-post__excerpt'>\n\t\t\t\t\t<p>\u0413\u0430\u0441\u0442\u0440\u0438\u0442 \u2014 \u044d\u0442\u043e \u043e\u0431\u0449\u0438\u0439 \u0442\u0435\u0440\u043c\u0438\u043d \u0434\u043b\u044f \u0433\u0440\u0443\u043f\u043f\u044b \u0441\u043e\u0441\u0442\u043e\u044f\u043d\u0438\u0439 \u0441 \u043e\u0431\u0449\u0435\u0439 \u0445\u0430\u0440\u0430\u043a\u0442\u0435\u0440\u0438\u0441\u0442\u0438\u043a\u043e\u0439: \u0432\u043e\u0441\u043f\u0430\u043b\u0435\u043d\u0438\u0435 \u0441\u043b\u0438\u0437\u0438\u0441\u0442\u043e\u0439 \u043e\u0431\u043e\u043b\u043e\u0447\u043a\u0438 \u0436\u0435\u043b\u0443\u0434\u043a\u0430. \u0413\u0430\u0441\u0442\u0440\u0438\u0442 \u0447\u0430\u0449\u0435 \u0432\u0441\u0435\u0433\u043e \u044f\u0432\u043b\u044f\u0435\u0442\u0441\u044f \u0441\u043b\u0435\u0434\u0441\u0442\u0432\u0438\u0435\u043c \u0438\u043d\u0444\u0435\u043a\u0446\u0438\u0438 \u0431\u0430\u043a\u0442\u0435\u0440\u0438\u0435\u0439, \u043a\u043e\u0442\u043e\u0440\u0430\u044f \u0442\u0430\u043a\u0436\u0435 \u043c\u043e\u0436\u0435\u0442&#8230;\t\t\t\t<\/div>\n\t\t\t\t\t\t<div class=\"uagb-post__text uagb-post__cta wp-block-button\">\n\t\t\t\t<a class=\"wp-block-button__link uagb-text-link\" style=\"\" href=\"https:\/\/quantbgd.rs\/ru\/gastrit\/\" target=\"_self\" rel=\"bookmark noopener noreferrer\">\u0427\u0438\u0442\u0430\u0442\u044c \u0434\u0430\u043b\u0435\u0435<\/a>\n\t\t\t<\/div>\n\t\t\t\n\t\t\t\t\t\t\t\t\t<\/article>\n\t\t\t\t\t\t\t\t\t\t\t\t\t\t\t\t<article class=\"uagb-post__inner-wrap\">\t\t\t\t\t\t\t\t<div class='uagb-post__image'>\n\t\t\t\t\t\t\t\t\t<a href=\"https:\/\/quantbgd.rs\/ru\/alergijske-manifestacije-koze\/\" target=\"_self\" rel=\"bookmark noopener noreferrer\" class='uagb-image-ratio-2-3'><img loading=\"lazy\" decoding=\"async\" width=\"2048\" height=\"1365\" src=\"https:\/\/quantbgd.rs\/wp-content\/uploads\/2024\/10\/alergije-osipi-i-kvantna-medicina-2.jpg\" class=\"attachment-full size-full\" alt=\"\" srcset=\"https:\/\/quantbgd.rs\/wp-content\/uploads\/2024\/10\/alergije-osipi-i-kvantna-medicina-2.jpg 2048w, https:\/\/quantbgd.rs\/wp-content\/uploads\/2024\/10\/alergije-osipi-i-kvantna-medicina-2-300x200.jpg 300w, https:\/\/quantbgd.rs\/wp-content\/uploads\/2024\/10\/alergije-osipi-i-kvantna-medicina-2-1024x683.jpg 1024w, https:\/\/quantbgd.rs\/wp-content\/uploads\/2024\/10\/alergije-osipi-i-kvantna-medicina-2-768x512.jpg 768w, https:\/\/quantbgd.rs\/wp-content\/uploads\/2024\/10\/alergije-osipi-i-kvantna-medicina-2-1536x1024.jpg 1536w\" sizes=\"auto, (max-width: 2048px) 100vw, 2048px\" title=\"\">\t\t\t\t\t<\/a>\n\t\t\t\t\t\t\t<\/div>\n\t\t\t\t\t\t<h3 class=\"uagb-post__title uagb-post__text\">\n\t\t\t\t<a href=\"https:\/\/quantbgd.rs\/ru\/alergijske-manifestacije-koze\/\" target=\"_self\" rel=\"bookmark noopener noreferrer\">Kvantna medicina &#8212; alergije ko\u017ee le\u010denje<\/a>\n\t\t\t<\/h3>\n\t\t\t\t\t\t<div class='uagb-post__text uagb-post-grid-byline'>\n\t\t\t\t\t\t\t<\/div>\n\t\t\t\t\t\t\t<div class='uagb-post__text uagb-post__excerpt'>\n\t\t\t\t\t<p>Iritacija ko\u017ee mo\u017ee biti uzrokovana raznim faktorima. Uzor\u010dnici osipa mogu biti poreme\u0107aji imunolo\u0161kog sistema, lekovi i infekcije. Kada je alergen odgovoran za izazivanje odgovora imunog&#8230;\t\t\t\t<\/div>\n\t\t\t\t\t\t<div class=\"uagb-post__text uagb-post__cta wp-block-button\">\n\t\t\t\t<a class=\"wp-block-button__link uagb-text-link\" style=\"\" href=\"https:\/\/quantbgd.rs\/ru\/alergijske-manifestacije-koze\/\" target=\"_self\" rel=\"bookmark noopener noreferrer\">\u0427\u0438\u0442\u0430\u0442\u044c \u0434\u0430\u043b\u0435\u0435<\/a>\n\t\t\t<\/div>\n\t\t\t\n\t\t\t\t\t\t\t\t\t<\/article>\n\t\t\t\t\t\t\t\t\t\t\t\t\t\t\t\t<article class=\"uagb-post__inner-wrap\">\t\t\t\t\t\t\t\t<div class='uagb-post__image'>\n\t\t\t\t\t\t\t\t\t<a href=\"https:\/\/quantbgd.rs\/ru\/allergiya-na-pyltsu\/\" target=\"_self\" rel=\"bookmark noopener noreferrer\" class='uagb-image-ratio-2-3'><img loading=\"lazy\" decoding=\"async\" width=\"2048\" height=\"1370\" src=\"https:\/\/quantbgd.rs\/wp-content\/uploads\/2024\/10\/alergije-na-polene-i-kvantna-medicina.jpg\" class=\"attachment-full size-full\" alt=\"\" srcset=\"https:\/\/quantbgd.rs\/wp-content\/uploads\/2024\/10\/alergije-na-polene-i-kvantna-medicina.jpg 2048w, https:\/\/quantbgd.rs\/wp-content\/uploads\/2024\/10\/alergije-na-polene-i-kvantna-medicina-300x201.jpg 300w, https:\/\/quantbgd.rs\/wp-content\/uploads\/2024\/10\/alergije-na-polene-i-kvantna-medicina-1024x685.jpg 1024w, https:\/\/quantbgd.rs\/wp-content\/uploads\/2024\/10\/alergije-na-polene-i-kvantna-medicina-768x514.jpg 768w, https:\/\/quantbgd.rs\/wp-content\/uploads\/2024\/10\/alergije-na-polene-i-kvantna-medicina-1536x1028.jpg 1536w\" sizes=\"auto, (max-width: 2048px) 100vw, 2048px\" title=\"\">\t\t\t\t\t<\/a>\n\t\t\t\t\t\t\t<\/div>\n\t\t\t\t\t\t<h3 class=\"uagb-post__title uagb-post__text\">\n\t\t\t\t<a href=\"https:\/\/quantbgd.rs\/ru\/allergiya-na-pyltsu\/\" target=\"_self\" rel=\"bookmark noopener noreferrer\">\u0410\u043b\u043b\u0435\u0440\u0433\u0438\u044f \u043d\u0430 \u043f\u044b\u043b\u044c\u0446\u0443<\/a>\n\t\t\t<\/h3>\n\t\t\t\t\t\t<div class='uagb-post__text uagb-post-grid-byline'>\n\t\t\t\t\t\t\t<\/div>\n\t\t\t\t\t\t\t<div class='uagb-post__text uagb-post__excerpt'>\n\t\t\t\t\t<p>BICOM \u043a\u0432\u0430\u043d\u0442\u043e\u0432\u0430\u044f \u043c\u0435\u0434\u0438\u0446\u0438\u043d\u0430 &#8212; \u0442\u0435\u0441\u0442 \u043d\u0430 \u0430\u043b\u043b\u0435\u0440\u0433\u0438\u044e \u0410\u043b\u043b\u0435\u0440\u0433\u043e\u0442\u0435\u0441\u0442 \u0432 \u043a\u043b\u0438\u043d\u0438\u043a\u0435 QUANT BGD \u043f\u0440\u043e\u0432\u043e\u0434\u0438\u0442\u0441\u044f \u0441 \u0438\u0441\u043f\u043e\u043b\u044c\u0437\u043e\u0432\u0430\u043d\u0438\u0435\u043c \u0431\u0438\u043e\u0440\u0435\u0437\u043e\u043d\u0430\u043d\u0441\u043d\u043e\u0439 \u0441\u0438\u0441\u0442\u0435\u043c\u044b BICOM \u0441 \u043f\u0440\u043e\u0433\u0440\u0430\u043c\u043c\u043d\u044b\u043c \u043e\u0431\u0435\u0441\u043f\u0435\u0447\u0435\u043d\u0438\u0435\u043c Multisoft, \u043a\u043e\u0442\u043e\u0440\u043e\u0435 \u0437\u043d\u0430\u0447\u0438\u0442\u0435\u043b\u044c\u043d\u043e \u043f\u0440\u0435\u0432\u043e\u0441\u0445\u043e\u0434\u0438\u0442&#8230;\t\t\t\t<\/div>\n\t\t\t\t\t\t<div class=\"uagb-post__text uagb-post__cta wp-block-button\">\n\t\t\t\t<a class=\"wp-block-button__link uagb-text-link\" style=\"\" href=\"https:\/\/quantbgd.rs\/ru\/allergiya-na-pyltsu\/\" target=\"_self\" rel=\"bookmark noopener noreferrer\">\u0427\u0438\u0442\u0430\u0442\u044c \u0434\u0430\u043b\u0435\u0435<\/a>\n\t\t\t<\/div>\n\t\t\t\n\t\t\t\t\t\t\t\t\t<\/article>\n\t\t\t\t\t\t\t\t\t\t\t\t\t\t\t\t<article class=\"uagb-post__inner-wrap\">\t\t\t\t\t\t\t\t<div class='uagb-post__image'>\n\t\t\t\t\t\t\t\t\t<a href=\"https:\/\/quantbgd.rs\/ru\/ozhirenie-insulinorezistentnost-diabet\/\" target=\"_self\" rel=\"bookmark noopener noreferrer\" class='uagb-image-ratio-2-3'><img loading=\"lazy\" decoding=\"async\" width=\"2048\" height=\"1367\" src=\"https:\/\/quantbgd.rs\/wp-content\/uploads\/2024\/10\/gojaznost-i-kvantna-medicina-5.jpg\" class=\"attachment-full size-full\" alt=\"\" srcset=\"https:\/\/quantbgd.rs\/wp-content\/uploads\/2024\/10\/gojaznost-i-kvantna-medicina-5.jpg 2048w, https:\/\/quantbgd.rs\/wp-content\/uploads\/2024\/10\/gojaznost-i-kvantna-medicina-5-300x200.jpg 300w, https:\/\/quantbgd.rs\/wp-content\/uploads\/2024\/10\/gojaznost-i-kvantna-medicina-5-1024x684.jpg 1024w, https:\/\/quantbgd.rs\/wp-content\/uploads\/2024\/10\/gojaznost-i-kvantna-medicina-5-768x513.jpg 768w, https:\/\/quantbgd.rs\/wp-content\/uploads\/2024\/10\/gojaznost-i-kvantna-medicina-5-1536x1025.jpg 1536w\" sizes=\"auto, (max-width: 2048px) 100vw, 2048px\" title=\"\">\t\t\t\t\t<\/a>\n\t\t\t\t\t\t\t<\/div>\n\t\t\t\t\t\t<h3 class=\"uagb-post__title uagb-post__text\">\n\t\t\t\t<a href=\"https:\/\/quantbgd.rs\/ru\/ozhirenie-insulinorezistentnost-diabet\/\" target=\"_self\" rel=\"bookmark noopener noreferrer\">\u041e\u0436\u0438\u0440\u0435\u043d\u0438\u0435, \u0438\u043d\u0441\u0443\u043b\u0438\u043d\u043e\u0440\u0435\u0437\u0438\u0441\u0442\u0435\u043d\u0442\u043d\u043e\u0441\u0442\u044c, \u0434\u0438\u0430\u0431\u0435\u0442 \u0438 \u043e\u0436\u0438\u0440\u0435\u043d\u0438\u0435<\/a>\n\t\t\t<\/h3>\n\t\t\t\t\t\t<div class='uagb-post__text uagb-post-grid-byline'>\n\t\t\t\t\t\t\t<\/div>\n\t\t\t\t\t\t\t<div class='uagb-post__text uagb-post__excerpt'>\n\t\t\t\t\t<p>\u0418\u0437\u0431\u044b\u0442\u043e\u0447\u043d\u044b\u0439 \u0432\u0435\u0441 \u0438 \u043e\u0436\u0438\u0440\u0435\u043d\u0438\u0435 \u043e\u043f\u0440\u0435\u0434\u0435\u043b\u044f\u044e\u0442\u0441\u044f \u043a\u0430\u043a \u0447\u0440\u0435\u0437\u043c\u0435\u0440\u043d\u043e\u0435 \u043d\u0430\u043a\u043e\u043f\u043b\u0435\u043d\u0438\u0435 \u0436\u0438\u0440\u0430, \u043a\u043e\u0442\u043e\u0440\u043e\u0435 \u043c\u043e\u0436\u0435\u0442 \u043d\u0435\u0433\u0430\u0442\u0438\u0432\u043d\u043e \u0432\u043b\u0438\u044f\u0442\u044c \u043d\u0430 \u0437\u0434\u043e\u0440\u043e\u0432\u044c\u0435. \u0418\u043d\u0434\u0435\u043a\u0441 \u043c\u0430\u0441\u0441\u044b \u0442\u0435\u043b\u0430 \u0438\u0441\u043f\u043e\u043b\u044c\u0437\u0443\u0435\u0442\u0441\u044f \u0434\u043b\u044f \u043a\u043b\u0430\u0441\u0441\u0438\u0444\u0438\u043a\u0430\u0446\u0438\u0438 \u0441\u0442\u0435\u043f\u0435\u043d\u0438 \u043e\u0436\u0438\u0440\u0435\u043d\u0438\u044f \u0443 \u0432\u0437\u0440\u043e\u0441\u043b\u044b\u0445&#8230;.\t\t\t\t<\/div>\n\t\t\t\t\t\t<div class=\"uagb-post__text uagb-post__cta wp-block-button\">\n\t\t\t\t<a class=\"wp-block-button__link uagb-text-link\" style=\"\" href=\"https:\/\/quantbgd.rs\/ru\/ozhirenie-insulinorezistentnost-diabet\/\" target=\"_self\" rel=\"bookmark noopener noreferrer\">\u0427\u0438\u0442\u0430\u0442\u044c \u0434\u0430\u043b\u0435\u0435<\/a>\n\t\t\t<\/div>\n\t\t\t\n\t\t\t\t\t\t\t\t\t<\/article>\n\t\t\t\t\t\t\t\t\t\t\t\t\t\t\t\t<article class=\"uagb-post__inner-wrap\">\t\t\t\t\t\t\t\t<div class='uagb-post__image'>\n\t\t\t\t\t\t\t\t\t<a href=\"https:\/\/quantbgd.rs\/ru\/diabet-vse-chto-nuzhno-znat\/\" target=\"_self\" rel=\"bookmark noopener noreferrer\" class='uagb-image-ratio-2-3'><img loading=\"lazy\" decoding=\"async\" width=\"2048\" height=\"1152\" src=\"https:\/\/quantbgd.rs\/wp-content\/uploads\/2024\/10\/dijabetes-i-kvantna-medicina.jpg\" class=\"attachment-full size-full\" alt=\"\" srcset=\"https:\/\/quantbgd.rs\/wp-content\/uploads\/2024\/10\/dijabetes-i-kvantna-medicina.jpg 2048w, https:\/\/quantbgd.rs\/wp-content\/uploads\/2024\/10\/dijabetes-i-kvantna-medicina-300x169.jpg 300w, https:\/\/quantbgd.rs\/wp-content\/uploads\/2024\/10\/dijabetes-i-kvantna-medicina-1024x576.jpg 1024w, https:\/\/quantbgd.rs\/wp-content\/uploads\/2024\/10\/dijabetes-i-kvantna-medicina-768x432.jpg 768w, https:\/\/quantbgd.rs\/wp-content\/uploads\/2024\/10\/dijabetes-i-kvantna-medicina-1536x864.jpg 1536w\" sizes=\"auto, (max-width: 2048px) 100vw, 2048px\" title=\"\">\t\t\t\t\t<\/a>\n\t\t\t\t\t\t\t<\/div>\n\t\t\t\t\t\t<h3 class=\"uagb-post__title uagb-post__text\">\n\t\t\t\t<a href=\"https:\/\/quantbgd.rs\/ru\/diabet-vse-chto-nuzhno-znat\/\" target=\"_self\" rel=\"bookmark noopener noreferrer\">\u0414\u0438\u0430\u0431\u0435\u0442 \u2014 \u0412\u0441\u0435, \u0447\u0442\u043e \u043d\u0443\u0436\u043d\u043e \u0437\u043d\u0430\u0442\u044c<\/a>\n\t\t\t<\/h3>\n\t\t\t\t\t\t<div class='uagb-post__text uagb-post-grid-byline'>\n\t\t\t\t\t\t\t<\/div>\n\t\t\t\t\t\t\t<div class='uagb-post__text uagb-post__excerpt'>\n\t\t\t\t\t<p>\u0414\u0438\u0430\u0431\u0435\u0442 \u2014 \u044d\u0442\u043e \u0445\u0440\u043e\u043d\u0438\u0447\u0435\u0441\u043a\u043e\u0435 \u0437\u0430\u0431\u043e\u043b\u0435\u0432\u0430\u043d\u0438\u0435, \u043a\u043e\u0442\u043e\u0440\u043e\u0435 \u0432\u043e\u0437\u043d\u0438\u043a\u0430\u0435\u0442, \u043a\u043e\u0433\u0434\u0430 \u043e\u0440\u0433\u0430\u043d\u0438\u0437\u043c \u043d\u0435 \u043c\u043e\u0436\u0435\u0442 \u043f\u0440\u043e\u0438\u0437\u0432\u043e\u0434\u0438\u0442\u044c \u0434\u043e\u0441\u0442\u0430\u0442\u043e\u0447\u043d\u043e\u0435 \u043a\u043e\u043b\u0438\u0447\u0435\u0441\u0442\u0432\u043e \u0438\u043d\u0441\u0443\u043b\u0438\u043d\u0430 \u0438\u043b\u0438 \u044d\u0444\u0444\u0435\u043a\u0442\u0438\u0432\u043d\u043e \u0435\u0433\u043e \u0438\u0441\u043f\u043e\u043b\u044c\u0437\u043e\u0432\u0430\u0442\u044c. \u042d\u0442\u043e \u043f\u0440\u0438\u0432\u043e\u0434\u0438\u0442 \u043a \u043f\u043e\u0432\u044b\u0448\u0435\u043d\u0438\u044e \u0443\u0440\u043e\u0432\u043d\u044f \u0441\u0430\u0445\u0430\u0440\u0430&#8230;\t\t\t\t<\/div>\n\t\t\t\t\t\t<div class=\"uagb-post__text uagb-post__cta wp-block-button\">\n\t\t\t\t<a class=\"wp-block-button__link uagb-text-link\" style=\"\" href=\"https:\/\/quantbgd.rs\/ru\/diabet-vse-chto-nuzhno-znat\/\" target=\"_self\" rel=\"bookmark noopener noreferrer\">\u0427\u0438\u0442\u0430\u0442\u044c \u0434\u0430\u043b\u0435\u0435<\/a>\n\t\t\t<\/div>\n\t\t\t\n\t\t\t\t\t\t\t\t\t<\/article>\n\t\t\t\t\t\t\t\t\t\t\t<\/div>\n\t\t\t<\/div><\/section>\n","protected":false},"excerpt":{"rendered":"","protected":false},"author":2,"featured_media":0,"parent":0,"menu_order":0,"comment_status":"closed","ping_status":"closed","template":"","meta":{"_uag_custom_page_level_css":"","site-sidebar-layout":"no-sidebar","site-content-layout":"plain-container","ast-site-content-layout":"normal-width-container","site-content-style":"unboxed","site-sidebar-style":"unboxed","ast-global-header-display":"","ast-banner-title-visibility":"","ast-main-header-display":"","ast-hfb-above-header-display":"","ast-hfb-below-header-display":"","ast-hfb-mobile-header-display":"","site-post-title":"disabled","ast-breadcrumbs-content":"","ast-featured-img":"disabled","footer-sml-layout":"","theme-transparent-header-meta":"enabled","adv-header-id-meta":"","stick-header-meta":"","header-above-stick-meta":"","header-main-stick-meta":"","header-below-stick-meta":"","astra-migrate-meta-layouts":"set","ast-page-background-enabled":"default","ast-page-background-meta":{"desktop":{"background-color":"","background-image":"","background-repeat":"repeat","background-position":"center center","background-size":"auto","background-attachment":"scroll","background-type":"","background-media":"","overlay-type":"","overlay-color":"","overlay-opacity":"","overlay-gradient":""},"tablet":{"background-color":"","background-image":"","background-repeat":"repeat","background-position":"center center","background-size":"auto","background-attachment":"scroll","background-type":"","background-media":"","overlay-type":"","overlay-color":"","overlay-opacity":"","overlay-gradient":""},"mobile":{"background-color":"","background-image":"","background-repeat":"repeat","background-position":"center center","background-size":"auto","background-attachment":"scroll","background-type":"","background-media":"","overlay-type":"","overlay-color":"","overlay-opacity":"","overlay-gradient":""}},"ast-content-background-meta":{"desktop":{"background-color":"var(--ast-global-color-5)","background-image":"","background-repeat":"repeat","background-position":"center center","background-size":"auto","background-attachment":"scroll","background-type":"","background-media":"","overlay-type":"","overlay-color":"","overlay-opacity":"","overlay-gradient":""},"tablet":{"background-color":"var(--ast-global-color-5)","background-image":"","background-repeat":"repeat","background-position":"center center","background-size":"auto","background-attachment":"scroll","background-type":"","background-media":"","overlay-type":"","overlay-color":"","overlay-opacity":"","overlay-gradient":""},"mobile":{"background-color":"var(--ast-global-color-5)","background-image":"","background-repeat":"repeat","background-position":"center center","background-size":"auto","background-attachment":"scroll","background-type":"","background-media":"","overlay-type":"","overlay-color":"","overlay-opacity":"","overlay-gradient":""}},"footnotes":""},"class_list":["post-2462","page","type-page","status-publish","hentry"],"uagb_featured_image_src":{"full":false,"thumbnail":false,"medium":false,"medium_large":false,"large":false,"1536x1536":false,"2048x2048":false},"uagb_author_info":{"display_name":"Katarina Milinovic","author_link":"https:\/\/quantbgd.rs\/ru\/author\/kalem\/"},"uagb_comment_info":0,"uagb_excerpt":null,"_links":{"self":[{"href":"https:\/\/quantbgd.rs\/ru\/wp-json\/wp\/v2\/pages\/2462","targetHints":{"allow":["GET"]}}],"collection":[{"href":"https:\/\/quantbgd.rs\/ru\/wp-json\/wp\/v2\/pages"}],"about":[{"href":"https:\/\/quantbgd.rs\/ru\/wp-json\/wp\/v2\/types\/page"}],"author":[{"embeddable":true,"href":"https:\/\/quantbgd.rs\/ru\/wp-json\/wp\/v2\/users\/2"}],"replies":[{"embeddable":true,"href":"https:\/\/quantbgd.rs\/ru\/wp-json\/wp\/v2\/comments?post=2462"}],"version-history":[{"count":3,"href":"https:\/\/quantbgd.rs\/ru\/wp-json\/wp\/v2\/pages\/2462\/revisions"}],"predecessor-version":[{"id":2466,"href":"https:\/\/quantbgd.rs\/ru\/wp-json\/wp\/v2\/pages\/2462\/revisions\/2466"}],"wp:attachment":[{"href":"https:\/\/quantbgd.rs\/ru\/wp-json\/wp\/v2\/media?parent=2462"}],"curies":[{"name":"wp","href":"https:\/\/api.w.org\/{rel}","templated":true}]}}